{"id":29056,"date":"2021-12-06T12:57:16","date_gmt":"2021-12-06T11:57:16","guid":{"rendered":"https:\/\/felipedia.ch\/?page_id=29056"},"modified":"2023-06-05T14:08:21","modified_gmt":"2023-06-05T12:08:21","slug":"mes-formations","status":"publish","type":"page","link":"https:\/\/felipedia.ch\/en\/mes-formations\/","title":{"rendered":"My trainings"},"content":{"rendered":"<p>[et_pb_section fb_built=\u00a0\u00bb1&Prime; admin_label=\u00a0\u00bbCoffee Menu\u00a0\u00bb _builder_version=\u00a0\u00bb4.16&Prime; background_image=\u00a0\u00bbhttps:\/\/felipedia.ch\/wp-content\/uploads\/2021\/12\/bz_avhqppia.jpg\u00a0\u00bb parallax=\u00a0\u00bbon\u00a0\u00bb min_height=\u00a0\u00bb1000.1px\u00a0\u00bb custom_margin=\u00a0\u00bb||-232px|||\u00a0\u00bb custom_padding=\u00a0\u00bb124px||100px|||\u00a0\u00bb global_colors_info=\u00a0\u00bb{}\u00a0\u00bb][et_pb_row _builder_version=\u00a0\u00bb4.16&Prime; _module_preset=\u00a0\u00bbdefault\u00a0\u00bb background_color=\u00a0\u00bbrgba(255,255,255,0.74)\u00a0\u00bb custom_padding=\u00a0\u00bb28px|||||\u00a0\u00bb hover_enabled=\u00a0\u00bb0&Prime; global_colors_info=\u00a0\u00bb{}\u00a0\u00bb sticky_enabled=\u00a0\u00bb0&Prime;][et_pb_column type=\u00a0\u00bb4_4&Prime; _builder_version=\u00a0\u00bb4.16&Prime; _module_preset=\u00a0\u00bbdefault\u00a0\u00bb global_colors_info=\u00a0\u00bb{}\u00a0\u00bb][et_pb_text _builder_version=\u00a0\u00bb4.21.0&Prime; _module_preset=\u00a0\u00bbdefault\u00a0\u00bb hover_enabled=\u00a0\u00bb0&Prime; global_colors_info=\u00a0\u00bb{}\u00a0\u00bb sticky_enabled=\u00a0\u00bb0&Prime;]<\/p>\n<h4><strong>Monde du Chat. Aubonne, Suisse<\/strong><\/h4>\n<ul>\n<li style=\"text-align: left;\">\n<h4>2020-2021: Formation professionnelle au m\u00e9tier de Comportementaliste Chat (non-v\u00e9t\u00e9rinaire)<\/h4>\n<\/li>\n<li style=\"text-align: left;\">\n<h4>2021: Cours \u00ab\u00a0La relation humain &#8211; chat : l&rsquo;\u00e9thologie peut-elle nous aider \u00e0 mieux comprendre les m\u00e9canismes de ce lien intersp\u00e9cifique?\u00a0\u00bb<\/h4>\n<\/li>\n<li style=\"text-align: left;\">\n<h4>2021-2022: Formation professionnelle au m\u00e9tier de Cat-sitter<\/h4>\n<\/li>\n<\/ul>\n<h4><strong>Educhateur. Quebec, Canada &amp; France<\/strong><\/h4>\n<ul>\n<li>\n<h4>2021: Masterclass \u00ab\u00a0Agressions Chat-Chat &amp; Chat-Humain\u00a0\u00bb<\/h4>\n<\/li>\n<li>\n<h4>2021: Conf\u00e9rence \u00ab\u00a0Chat d\u00e9truit tout\u00a0\u00bb<\/h4>\n<\/li>\n<li>\n<h4>2022: Masterclass \u00ab\u00a0Besoins hors liti\u00e8res\u00a0\u00bb<\/h4>\n<\/li>\n<li>\n<h4>2022: Masterclass \u00ab\u00a0Clini&rsquo;Cat: M\u00e9dical ou comportemental ?\u00a0\u00bb<\/h4>\n<\/li>\n<li>\n<h4>2023: Masterclass \u00ab\u00a0M\u00e9thodes de contention Low stress\u00a0\u00bb<\/h4>\n<\/li>\n<\/ul>\n<h4><strong>Collectif CATUS. France<\/strong><\/h4>\n<ul>\n<li>\n<h4>2021: Colloque annuel des consultants de la relation Chat-Humain.<\/h4>\n<\/li>\n<li>\n<h4>2022: Masterclass \u00ab\u00a0Chat g\u00e9riatrique\u00a0\u00bb<\/h4>\n<\/li>\n<\/ul>\n<h4><strong>Vox Animae. France<\/strong><\/h4>\n<ul>\n<li>\n<h4>2021: Masterclass \u00ab\u00a0Medical training chez le chat\u00a0\u00bb<\/h4>\n<\/li>\n<\/ul>\n<h4><span style=\"color: #333333;\"><strong>Animautopia. France<\/strong><\/span><\/h4>\n<ul>\n<li>\n<h4>2022: Masterclass \u00ab\u00a0Hyperd\u00e9pendance\u00a0\u00bb<\/h4>\n<\/li>\n<\/ul>\n<h4><span style=\"color: #333333;\"><strong>Behavior works. Etats-Unis<\/strong><\/span><\/h4>\n<ul>\n<li>\n<h4>2022: Formation \u00ab\u00a0Vivre et apprendre avec les animaux : Les principes fondamentaux et les proc\u00e9dures d&rsquo;enseignement et d&rsquo;apprentissage\u00a0\u00bb<span style=\"color: #333333;\"><strong><\/strong><\/span><\/h4>\n<\/li>\n<\/ul>\n<p>[\/et_pb_text][\/et_pb_column][\/et_pb_row][\/et_pb_section]<\/p>\n","protected":false},"excerpt":{"rendered":"<p>Monde du Chat. Aubonne, Suisse 2020-2021: Formation professionnelle au m\u00e9tier de Comportementaliste Chat (non-v\u00e9t\u00e9rinaire) 2021: Cours \u00ab\u00a0La relation humain &#8211; chat : l&rsquo;\u00e9thologie peut-elle nous aider \u00e0 mieux comprendre les m\u00e9canismes de ce lien intersp\u00e9cifique?\u00a0\u00bb 2021-2022: Formation professionnelle au m\u00e9tier de Cat-sitter Educhateur. Quebec, Canada &amp; France 2021: Masterclass \u00ab\u00a0Agressions Chat-Chat &amp; Chat-Humain\u00a0\u00bb 2021: Conf\u00e9rence [&hellip;]<\/p>\n","protected":false},"author":1,"featured_media":0,"parent":0,"menu_order":0,"comment_status":"closed","ping_status":"closed","template":"","meta":{"_et_pb_use_builder":"on","_et_pb_old_content":"","_et_gb_content_width":"","_monsterinsights_skip_tracking":false,"_monsterinsights_sitenote_active":false,"_monsterinsights_sitenote_note":"","_monsterinsights_sitenote_category":0,"footnotes":""},"class_list":["post-29056","page","type-page","status-publish","hentry"],"aioseo_notices":[],"_links":{"self":[{"href":"https:\/\/felipedia.ch\/en\/wp-json\/wp\/v2\/pages\/29056","targetHints":{"allow":["GET"]}}],"collection":[{"href":"https:\/\/felipedia.ch\/en\/wp-json\/wp\/v2\/pages"}],"about":[{"href":"https:\/\/felipedia.ch\/en\/wp-json\/wp\/v2\/types\/page"}],"author":[{"embeddable":true,"href":"https:\/\/felipedia.ch\/en\/wp-json\/wp\/v2\/users\/1"}],"replies":[{"embeddable":true,"href":"https:\/\/felipedia.ch\/en\/wp-json\/wp\/v2\/comments?post=29056"}],"version-history":[{"count":17,"href":"https:\/\/felipedia.ch\/en\/wp-json\/wp\/v2\/pages\/29056\/revisions"}],"predecessor-version":[{"id":29151,"href":"https:\/\/felipedia.ch\/en\/wp-json\/wp\/v2\/pages\/29056\/revisions\/29151"}],"wp:attachment":[{"href":"https:\/\/felipedia.ch\/en\/wp-json\/wp\/v2\/media?parent=29056"}],"curies":[{"name":"wp","href":"https:\/\/api.w.org\/{rel}","templated":true}]}}